{"id":12224,"date":"2025-04-16T19:55:31","date_gmt":"2025-04-16T19:55:31","guid":{"rendered":"https:\/\/www.adminpkfviaconsultoria.mgiviaconsultoria.com\/?page_id=12224"},"modified":"2025-04-16T19:56:08","modified_gmt":"2025-04-16T19:56:08","slug":"terminos-y-uso","status":"publish","type":"page","link":"https:\/\/www.pkfviaconsultoria.com\/en\/terminos-y-uso\/","title":{"rendered":"terminos-y-uso"},"content":{"rendered":"<div data-elementor-type=\"wp-page\" data-elementor-id=\"12224\" class=\"elementor elementor-12224\" data-elementor-post-type=\"page\">\n\t\t\t\t<div class=\"elementor-element elementor-element-45b2410 e-flex e-con-boxed e-con e-parent\" data-id=\"45b2410\" data-element_type=\"container\">\n\t\t\t\t\t<div class=\"e-con-inner\">\n\t\t\t\t<div class=\"elementor-element elementor-element-9c4d49e elementor-widget elementor-widget-text-editor\" data-id=\"9c4d49e\" data-element_type=\"widget\" data-widget_type=\"text-editor.default\">\n\t\t\t\t<div class=\"elementor-widget-container\">\n\t\t\t\t\t\t\t\t\t<p style=\"margin-bottom: 15px; font-size: 16px; font-family: Inter, sans-serif; transition-duration: 0.5s; transition-timing-function: ease-in-out; color: #4a4e56;\"><span style=\"font-weight: bolder; font-family: Spartan, sans-serif;\">USO DEL SITIO WEB:<\/span><\/p>\n<p style=\"margin-bottom: 15px; font-size: 16px; font-family: Inter, sans-serif; transition-duration: 0.5s; transition-timing-function: ease-in-out; color: #4a4e56;\">El Usuario accede al Sitio Web solo para b\u00fasqueda y\/o consulta de informaci\u00f3n de fines profesionales. El Contenido est\u00e1 protegido por derechos de propiedad intelectual que pertenecen a PKF via consultoria S.A.S o sus vinculadas o que est\u00e1n concedidos a PKF via consultoria S.A.S o sus vinculadas. En consecuencia, toda reproducci\u00f3n, representaci\u00f3n, extracci\u00f3n, modificaci\u00f3n, diseminaci\u00f3n o explotaci\u00f3n total o parcial del Sitio Web, o cualquiera de los elementos del mismo (tales como texto, im\u00e1genes, fotos, gr\u00e1ficos, datos, arquitectura, c\u00f3digo fuente, software y bases de datos), en cualquier medio, est\u00e1 estrictamente prohibido, excepto con la autorizaci\u00f3n previa por escrito de PKF via consultoria S.A.S. Adem\u00e1s, en ning\u00fan caso la consulta del Sitio Web puede interpretarse como una transferencia, licencia o autorizaci\u00f3n para reutilizar el Contenido con fines comerciales.<\/p>\n<p style=\"margin-bottom: 15px; font-size: 16px; font-family: Inter, sans-serif; transition-duration: 0.5s; transition-timing-function: ease-in-out; color: #4a4e56;\">PKF via consultoria S.A.S se reserva el derecho de modificar el Contenido en cualquier momento sin previo aviso.<\/p>\n<p style=\"margin-bottom: 15px; font-size: 16px; font-family: Inter, sans-serif; transition-duration: 0.5s; transition-timing-function: ease-in-out; color: #4a4e56;\"><span style=\"font-weight: bolder; font-family: Spartan, sans-serif;\">PROHIBICIONES:<\/span><\/p>\n<p style=\"margin-bottom: 15px; font-size: 16px; font-family: Inter, sans-serif; transition-duration: 0.5s; transition-timing-function: ease-in-out; color: #4a4e56;\">Est\u00e1 estrictamente prohibido al Usuario:<\/p>\n\n<ul style=\"padding-left: 17px; margin-bottom: 1rem; color: #4a4e56; font-family: Inter, sans-serif; font-size: 16px;\">\n \t<li style=\"margin-bottom: 5px;\">Cualquier deterioro, descarga no autorizada, ataque DDoS, uso indebido del contenido, intento de eludir o da\u00f1ar las caracter\u00edsticas de seguridad, phishing, ingreso fraudulento a la infraestructura de PKF via consultoria S.A.S, etre otros que afecten la seguridad de la empresa y de nuestros usuarios.<\/li>\n \t<li style=\"margin-bottom: 5px;\">Cualquier violaci\u00f3n de la integridad o disponibilidad de nuestros medios de comunicaci\u00f3n y\/o los intereses, la reputaci\u00f3n y\/o los derechos exclusivos de PKF via consultoria S.A.S.<\/li>\n \t<li style=\"margin-bottom: 5px;\">Cualquier transmisi\u00f3n o divulgaci\u00f3n, a trav\u00e9s de nuestros medios de comunicaci\u00f3n, de informaci\u00f3n ilegal, sexual, difamatoria o contraria al orden p\u00fablico.<\/li>\n \t<li style=\"margin-bottom: 5px;\">El acceso y uso de nuestros medios de comunicaci\u00f3n terminar\u00e1 en caso de que el Usuario no cumpla con estos t\u00e9rminos de uso.<\/li>\n<\/ul>\n<p style=\"margin-bottom: 15px; font-size: 16px; font-family: Inter, sans-serif; transition-duration: 0.5s; transition-timing-function: ease-in-out; color: #4a4e56;\"><span style=\"font-weight: bolder; font-family: Spartan, sans-serif;\">\u00a0<\/span><\/p>\n<p style=\"margin-bottom: 15px; font-size: 16px; font-family: Inter, sans-serif; transition-duration: 0.5s; transition-timing-function: ease-in-out; color: #4a4e56;\"><span style=\"font-weight: bolder; font-family: Spartan, sans-serif;\">DISPONIBILIDAD:<\/span><\/p>\n<p style=\"margin-bottom: 15px; font-size: 16px; font-family: Inter, sans-serif; transition-duration: 0.5s; transition-timing-function: ease-in-out; color: #4a4e56;\">Nuestros medios de comunicaci\u00f3n funcionan las 24 horas del d\u00eda, los 7 d\u00edas de la semana. Sin embargo, en caso de fuerza mayor, si nuestros medios de comunicaci\u00f3n est\u00e1n sobrecargados o no est\u00e1n disponibles debido a las redes de comunicaci\u00f3n electr\u00f3nica, el acceso a todo o parte de los medios de comunicaci\u00f3n pueden ralentizarse o interrumpirse. Adem\u00e1s, PKF via consultoria S.A.S puede realizar mantenimiento correctivo o preventivo en sus medios de comunicaci\u00f3n \u00a0o en las instalaciones de alojamiento. Como resultado, PKF via consultoria S.A.S no garantiza la disponibilidad o el acceso continuo al sitio web.<\/p>\n<p style=\"margin-bottom: 15px; font-size: 16px; font-family: Inter, sans-serif; transition-duration: 0.5s; transition-timing-function: ease-in-out; color: #4a4e56;\">Adicionalmente, aunque nuestros medios de comunicaci\u00f3n est\u00e1n disponibles las 24 horas como se menciona anteriormente, la atenci\u00f3n al usuario se realiza en horario laboral, es decir, de lunes a viernes de 7:30 am a 5:30 pm.<\/p>\n<p style=\"margin-bottom: 15px; font-size: 16px; font-family: Inter, sans-serif; transition-duration: 0.5s; transition-timing-function: ease-in-out; color: #4a4e56;\"><span style=\"font-weight: bolder; font-family: Spartan, sans-serif;\">MARCAS COMERCIALES:<\/span><\/p>\n<p style=\"margin-bottom: 15px; font-size: 16px; font-family: Inter, sans-serif; transition-duration: 0.5s; transition-timing-function: ease-in-out; color: #4a4e56;\">Las marcas comerciales y el logotipo de \u201cPKF via consultoria S.A.S\u201d o cualquier otro nombre o marca registrada bajo la cual PKF via consultoria S.A.S o sus vinculadas llevan a cabo sus negocios son propiedad exclusiva de PKF via consultoria S.A.S o sus vinculadas. Cualquier uso o reproducci\u00f3n por parte del Usuario est\u00e1 estrictamente prohibido sin el consentimiento previo por escrito de PKF via consultoria S.A.S o sus vinculadas.<\/p>\t\t\t\t\t\t\t\t<\/div>\n\t\t\t\t<\/div>\n\t\t\t\t\t<\/div>\n\t\t\t\t<\/div>\n\t\t\t\t<\/div>","protected":false},"excerpt":{"rendered":"<p>USO DEL SITIO WEB: El Usuario accede al Sitio Web solo para b\u00fasqueda y\/o consulta de informaci\u00f3n de fines profesionales. El Contenido est\u00e1 protegido por derechos de propiedad intelectual que pertenecen a PKF via consultoria S.A.S o sus vinculadas o que est\u00e1n concedidos a PKF via consultoria S.A.S o sus vinculadas. En consecuencia, toda reproducci\u00f3n, [&hellip;]<\/p>","protected":false},"author":1,"featured_media":0,"parent":0,"menu_order":0,"comment_status":"closed","ping_status":"closed","template":"","meta":{"pagelayer_contact_templates":[],"_pagelayer_content":"","inline_featured_image":false,"footnotes":""},"class_list":["post-12224","page","type-page","status-publish","hentry"],"_links":{"self":[{"href":"https:\/\/www.pkfviaconsultoria.com\/en\/wp-json\/wp\/v2\/pages\/12224","targetHints":{"allow":["GET"]}}],"collection":[{"href":"https:\/\/www.pkfviaconsultoria.com\/en\/wp-json\/wp\/v2\/pages"}],"about":[{"href":"https:\/\/www.pkfviaconsultoria.com\/en\/wp-json\/wp\/v2\/types\/page"}],"author":[{"embeddable":true,"href":"https:\/\/www.pkfviaconsultoria.com\/en\/wp-json\/wp\/v2\/users\/1"}],"replies":[{"embeddable":true,"href":"https:\/\/www.pkfviaconsultoria.com\/en\/wp-json\/wp\/v2\/comments?post=12224"}],"version-history":[{"count":3,"href":"https:\/\/www.pkfviaconsultoria.com\/en\/wp-json\/wp\/v2\/pages\/12224\/revisions"}],"predecessor-version":[{"id":12229,"href":"https:\/\/www.pkfviaconsultoria.com\/en\/wp-json\/wp\/v2\/pages\/12224\/revisions\/12229"}],"wp:attachment":[{"href":"https:\/\/www.pkfviaconsultoria.com\/en\/wp-json\/wp\/v2\/media?parent=12224"}],"curies":[{"name":"wp","href":"https:\/\/api.w.org\/{rel}","templated":true}]}}